{"id":2895,"date":"2023-10-27T08:22:08","date_gmt":"2023-10-27T08:22:08","guid":{"rendered":"https:\/\/hannahs.at\/?page_id=2895"},"modified":"2025-08-18T09:52:56","modified_gmt":"2025-08-18T09:52:56","slug":"request","status":"publish","type":"page","link":"https:\/\/hannahs.at\/en\/anfrage\/","title":{"rendered":"Request"},"content":{"rendered":"<div data-elementor-type=\"wp-page\" data-elementor-id=\"2895\" class=\"elementor elementor-2895\" data-elementor-post-type=\"page\">\n\t\t\t\t\t\t<section class=\"elementor-section elementor-top-section elementor-element elementor-element-30d47c49 elementor-section-full_width elementor-section-height-default elementor-section-height-default\" data-id=\"30d47c49\" data-element_type=\"section\" data-e-type=\"section\" id=\"letthebeat\" data-settings=\"{&quot;background_background&quot;:&quot;classic&quot;,&quot;jet_parallax_layout_list&quot;:[]}\">\n\t\t\t\t\t\t<div class=\"elementor-container elementor-column-gap-default\">\n\t\t\t\t\t<div class=\"elementor-column elementor-col-100 elementor-top-column elementor-element elementor-element-fef773c\" data-id=\"fef773c\" data-element_type=\"column\" data-e-type=\"column\">\n\t\t\t<div class=\"elementor-widget-wrap elementor-element-populated\">\n\t\t\t\t\t\t<div class=\"elementor-element elementor-element-0ffc881 elementor-widget elementor-widget-heading\" data-id=\"0ffc881\" data-element_type=\"widget\" data-e-type=\"widget\" data-widget_type=\"heading.default\">\n\t\t\t\t<div class=\"elementor-widget-container\">\n\t\t\t\t\t<h2 class=\"elementor-heading-title elementor-size-default\">Ready to take your next event or catering to the next level?<br>Contact us!<\/h2>\t\t\t\t<\/div>\n\t\t\t\t<\/div>\n\t\t\t\t<div class=\"elementor-element elementor-element-0af762f elementor-hidden-mobile elementor-hidden-tablet elementor-widget elementor-widget-spacer\" data-id=\"0af762f\" data-element_type=\"widget\" data-e-type=\"widget\" data-widget_type=\"spacer.default\">\n\t\t\t\t<div class=\"elementor-widget-container\">\n\t\t\t\t\t\t\t<div class=\"elementor-spacer\">\n\t\t\t<div class=\"elementor-spacer-inner\"><\/div>\n\t\t<\/div>\n\t\t\t\t\t\t<\/div>\n\t\t\t\t<\/div>\n\t\t\t\t\t<\/div>\n\t\t<\/div>\n\t\t\t\t\t<\/div>\n\t\t<\/section>\n\t\t\t\t<section class=\"elementor-section elementor-top-section elementor-element elementor-element-119c80c elementor-section-full_width elementor-section-height-default elementor-section-height-default\" data-id=\"119c80c\" data-element_type=\"section\" data-e-type=\"section\" data-settings=\"{&quot;jet_parallax_layout_list&quot;:[]}\">\n\t\t\t\t\t\t<div class=\"elementor-container elementor-column-gap-default\">\n\t\t\t\t\t<div class=\"elementor-column elementor-col-50 elementor-top-column elementor-element elementor-element-953ff5a\" data-id=\"953ff5a\" data-element_type=\"column\" data-e-type=\"column\" data-settings=\"{&quot;background_background&quot;:&quot;classic&quot;}\">\n\t\t\t<div class=\"elementor-widget-wrap elementor-element-populated\">\n\t\t\t\t\t<div class=\"elementor-background-overlay\"><\/div>\n\t\t\t\t\t\t<div class=\"elementor-element elementor-element-7a9780e elementor-widget elementor-widget-text-editor\" data-id=\"7a9780e\" data-element_type=\"widget\" data-e-type=\"widget\" data-widget_type=\"text-editor.default\">\n\t\t\t\t<div class=\"elementor-widget-container\">\n\t\t\t\t\t\t\t\t\t<h2><strong><a href=\"mailto:plan@hannahs.at\">MAIL:\u00a0 <\/a><\/strong><span style=\"text-decoration: underline;\"><a href=\"mailto:plan@hannahs.at\">plan@hannahs.at<\/a><\/span><\/h2>\t\t\t\t\t\t\t\t<\/div>\n\t\t\t\t<\/div>\n\t\t\t\t<div class=\"elementor-element elementor-element-2820fd4 elementor-widget elementor-widget-text-editor\" data-id=\"2820fd4\" data-element_type=\"widget\" data-e-type=\"widget\" data-widget_type=\"text-editor.default\">\n\t\t\t\t<div class=\"elementor-widget-container\">\n\t\t\t\t\t\t\t\t\t<p>Please add to your request the <strong>Type of event<\/strong>, the approximate <strong>Number of guests<\/strong> and your <strong>Telephone number<\/strong> added.<\/p><p>Pure catering (without event planning)<br \/>we design for 50 people or more.<\/p>\t\t\t\t\t\t\t\t<\/div>\n\t\t\t\t<\/div>\n\t\t\t\t\t<\/div>\n\t\t<\/div>\n\t\t\t\t<div class=\"elementor-column elementor-col-50 elementor-top-column elementor-element elementor-element-f40158a\" data-id=\"f40158a\" data-element_type=\"column\" data-e-type=\"column\">\n\t\t\t<div class=\"elementor-widget-wrap elementor-element-populated\">\n\t\t\t\t\t\t<div class=\"elementor-element elementor-element-71b4e5a elementor-widget elementor-widget-image\" data-id=\"71b4e5a\" data-element_type=\"widget\" data-e-type=\"widget\" data-widget_type=\"image.default\">\n\t\t\t\t<div class=\"elementor-widget-container\">\n\t\t\t\t\t\t\t\t\t\t\t\t\t\t\t\t<a href=\"tel:004313105555\">\n\t\t\t\t\t\t\t<img fetchpriority=\"high\" decoding=\"async\" width=\"1695\" height=\"283\" src=\"https:\/\/hannahs.at\/wp-content\/uploads\/2025\/06\/Button_Hotline.png\" class=\"attachment-full size-full wp-image-4392\" alt=\"\" srcset=\"https:\/\/hannahs.at\/wp-content\/uploads\/2025\/06\/Button_Hotline.png 1695w, https:\/\/hannahs.at\/wp-content\/uploads\/2025\/06\/Button_Hotline-300x50.png 300w, https:\/\/hannahs.at\/wp-content\/uploads\/2025\/06\/Button_Hotline-1024x171.png 1024w, https:\/\/hannahs.at\/wp-content\/uploads\/2025\/06\/Button_Hotline-768x128.png 768w, https:\/\/hannahs.at\/wp-content\/uploads\/2025\/06\/Button_Hotline-1536x256.png 1536w, https:\/\/hannahs.at\/wp-content\/uploads\/2025\/06\/Button_Hotline-18x3.png 18w, https:\/\/hannahs.at\/wp-content\/uploads\/2025\/06\/Button_Hotline-600x100.png 600w\" sizes=\"(max-width: 1695px) 100vw, 1695px\" \/>\t\t\t\t\t\t\t\t<\/a>\n\t\t\t\t\t\t\t\t\t\t\t\t\t\t\t<\/div>\n\t\t\t\t<\/div>\n\t\t\t\t\t<\/div>\n\t\t<\/div>\n\t\t\t\t\t<\/div>\n\t\t<\/section>\n\t\t\t\t<section class=\"elementor-section elementor-top-section elementor-element elementor-element-358cbc2 elementor-section-full_width elementor-section-height-default elementor-section-height-default\" data-id=\"358cbc2\" data-element_type=\"section\" data-e-type=\"section\" data-settings=\"{&quot;jet_parallax_layout_list&quot;:[]}\">\n\t\t\t\t\t\t<div class=\"elementor-container elementor-column-gap-default\">\n\t\t\t\t\t<div class=\"elementor-column elementor-col-100 elementor-top-column elementor-element elementor-element-aed46af\" data-id=\"aed46af\" data-element_type=\"column\" data-e-type=\"column\">\n\t\t\t<div class=\"elementor-widget-wrap elementor-element-populated\">\n\t\t\t\t\t\t<div class=\"elementor-element elementor-element-60e7027 elementor-widget-divider--view-line elementor-widget elementor-widget-divider\" data-id=\"60e7027\" data-element_type=\"widget\" data-e-type=\"widget\" data-widget_type=\"divider.default\">\n\t\t\t\t<div class=\"elementor-widget-container\">\n\t\t\t\t\t\t\t<div class=\"elementor-divider\">\n\t\t\t<span class=\"elementor-divider-separator\">\n\t\t\t\t\t\t<\/span>\n\t\t<\/div>\n\t\t\t\t\t\t<\/div>\n\t\t\t\t<\/div>\n\t\t\t\t\t<\/div>\n\t\t<\/div>\n\t\t\t\t\t<\/div>\n\t\t<\/section>\n\t\t\t\t<section class=\"elementor-section elementor-top-section elementor-element elementor-element-5d20501 elementor-section-full_width elementor-section-height-default elementor-section-height-default\" data-id=\"5d20501\" data-element_type=\"section\" data-e-type=\"section\" data-settings=\"{&quot;jet_parallax_layout_list&quot;:[]}\">\n\t\t\t\t\t\t<div class=\"elementor-container elementor-column-gap-default\">\n\t\t\t\t\t<div class=\"elementor-column elementor-col-50 elementor-top-column elementor-element elementor-element-0975606\" data-id=\"0975606\" data-element_type=\"column\" data-e-type=\"column\">\n\t\t\t<div class=\"elementor-widget-wrap elementor-element-populated\">\n\t\t\t\t\t\t<div class=\"elementor-element elementor-element-8aa712b elementor-widget elementor-widget-image\" data-id=\"8aa712b\" data-element_type=\"widget\" data-e-type=\"widget\" data-settings=\"{&quot;motion_fx_motion_fx_mouse&quot;:&quot;yes&quot;,&quot;motion_fx_mouseTrack_effect&quot;:&quot;yes&quot;,&quot;motion_fx_mouseTrack_direction&quot;:&quot;negative&quot;,&quot;motion_fx_mouseTrack_speed&quot;:{&quot;unit&quot;:&quot;px&quot;,&quot;size&quot;:0.1,&quot;sizes&quot;:[]},&quot;motion_fx_tilt_effect&quot;:&quot;yes&quot;,&quot;motion_fx_tilt_speed&quot;:{&quot;unit&quot;:&quot;px&quot;,&quot;size&quot;:0.5,&quot;sizes&quot;:[]}}\" data-widget_type=\"image.default\">\n\t\t\t\t<div class=\"elementor-widget-container\">\n\t\t\t\t\t\t\t\t\t\t\t\t\t\t\t<img decoding=\"async\" width=\"3272\" height=\"1221\" src=\"https:\/\/hannahs.at\/wp-content\/uploads\/2023\/09\/Hannahs-Plan-1.png\" class=\"attachment-full size-full wp-image-2792\" alt=\"\" srcset=\"https:\/\/hannahs.at\/wp-content\/uploads\/2023\/09\/Hannahs-Plan-1.png 3272w, https:\/\/hannahs.at\/wp-content\/uploads\/2023\/09\/Hannahs-Plan-1-300x112.png 300w, https:\/\/hannahs.at\/wp-content\/uploads\/2023\/09\/Hannahs-Plan-1-1024x382.png 1024w, https:\/\/hannahs.at\/wp-content\/uploads\/2023\/09\/Hannahs-Plan-1-768x287.png 768w, https:\/\/hannahs.at\/wp-content\/uploads\/2023\/09\/Hannahs-Plan-1-1536x573.png 1536w, https:\/\/hannahs.at\/wp-content\/uploads\/2023\/09\/Hannahs-Plan-1-2048x764.png 2048w, https:\/\/hannahs.at\/wp-content\/uploads\/2023\/09\/Hannahs-Plan-1-18x7.png 18w, https:\/\/hannahs.at\/wp-content\/uploads\/2023\/09\/Hannahs-Plan-1-600x224.png 600w\" sizes=\"(max-width: 3272px) 100vw, 3272px\" \/>\t\t\t\t\t\t\t\t\t\t\t\t\t\t\t<\/div>\n\t\t\t\t<\/div>\n\t\t\t\t\t<\/div>\n\t\t<\/div>\n\t\t\t\t<div class=\"elementor-column elementor-col-50 elementor-top-column elementor-element elementor-element-5575449\" data-id=\"5575449\" data-element_type=\"column\" data-e-type=\"column\">\n\t\t\t<div class=\"elementor-widget-wrap elementor-element-populated\">\n\t\t\t\t\t\t<div class=\"elementor-element elementor-element-4e39f3c elementor-widget elementor-widget-text-editor\" data-id=\"4e39f3c\" data-element_type=\"widget\" data-e-type=\"widget\" data-widget_type=\"text-editor.default\">\n\t\t\t\t<div class=\"elementor-widget-container\">\n\t\t\t\t\t\t\t\t\t<p>25 years of expertise<\/p><p>Top references<\/p>\t\t\t\t\t\t\t\t<\/div>\n\t\t\t\t<\/div>\n\t\t\t\t\t<\/div>\n\t\t<\/div>\n\t\t\t\t\t<\/div>\n\t\t<\/section>\n\t\t\t\t<section class=\"elementor-section elementor-top-section elementor-element elementor-element-05bce3d elementor-section-full_width elementor-section-height-default elementor-section-height-default\" data-id=\"05bce3d\" data-element_type=\"section\" data-e-type=\"section\" data-settings=\"{&quot;jet_parallax_layout_list&quot;:[]}\">\n\t\t\t\t\t\t<div class=\"elementor-container elementor-column-gap-default\">\n\t\t\t\t\t<div class=\"elementor-column elementor-col-100 elementor-top-column elementor-element elementor-element-07d2536\" data-id=\"07d2536\" data-element_type=\"column\" data-e-type=\"column\">\n\t\t\t<div class=\"elementor-widget-wrap elementor-element-populated\">\n\t\t\t\t\t\t<div class=\"elementor-element elementor-element-0de70a6 elementor-widget elementor-widget-text-editor\" data-id=\"0de70a6\" data-element_type=\"widget\" data-e-type=\"widget\" data-widget_type=\"text-editor.default\">\n\t\t\t\t<div class=\"elementor-widget-container\">\n\t\t\t\t\t\t\t\t\t<p>Corporate Event - Luxury Event - Incentive - Award - Industry Event - Company Anniversary - Gala - Congress - Roadshow - Product Launch<\/p><p>Consulting - Concept - Planning - Realisation - Technology - Show - Artists - Public Relations - Guest Management - Premium Catering<\/p>\t\t\t\t\t\t\t\t<\/div>\n\t\t\t\t<\/div>\n\t\t\t\t\t<\/div>\n\t\t<\/div>\n\t\t\t\t\t<\/div>\n\t\t<\/section>\n\t\t\t\t<\/div>","protected":false},"excerpt":{"rendered":"<p>Bereit, Ihre n\u00e4chste Veranstaltung oder Ihr Catering auf ein neues Level zu heben?Kontaktieren Sie uns! MAIL:\u00a0 plan@hannahs.at F\u00fcgen Sie Ihrer Anfrage bitte die Art der Veranstaltung, die ungef\u00e4hre G\u00e4steanzahl und Ihre Telefonnummer hinzu. Reine Caterings (ohne Veranstaltungsplanung)konzipieren wir ab 50 Personen. 25 Jahre Expertise Top-Referenzen Corporate Event \u2022 Luxury Event \u2022 Incentive \u2022 Award \u2022 [&hellip;]<\/p>\n","protected":false},"author":1,"featured_media":0,"parent":0,"menu_order":0,"comment_status":"closed","ping_status":"closed","template":"elementor_header_footer","meta":{"footnotes":""},"class_list":["post-2895","page","type-page","status-publish","hentry"],"_links":{"self":[{"href":"https:\/\/hannahs.at\/en\/wp-json\/wp\/v2\/pages\/2895","targetHints":{"allow":["GET"]}}],"collection":[{"href":"https:\/\/hannahs.at\/en\/wp-json\/wp\/v2\/pages"}],"about":[{"href":"https:\/\/hannahs.at\/en\/wp-json\/wp\/v2\/types\/page"}],"author":[{"embeddable":true,"href":"https:\/\/hannahs.at\/en\/wp-json\/wp\/v2\/users\/1"}],"replies":[{"embeddable":true,"href":"https:\/\/hannahs.at\/en\/wp-json\/wp\/v2\/comments?post=2895"}],"version-history":[{"count":165,"href":"https:\/\/hannahs.at\/en\/wp-json\/wp\/v2\/pages\/2895\/revisions"}],"predecessor-version":[{"id":4609,"href":"https:\/\/hannahs.at\/en\/wp-json\/wp\/v2\/pages\/2895\/revisions\/4609"}],"wp:attachment":[{"href":"https:\/\/hannahs.at\/en\/wp-json\/wp\/v2\/media?parent=2895"}],"curies":[{"name":"wp","href":"https:\/\/api.w.org\/{rel}","templated":true}]}}